{"id":25,"date":"2019-08-30T22:32:26","date_gmt":"2019-08-30T22:32:26","guid":{"rendered":"http:\/\/epple-brennholz.de\/?page_id=25"},"modified":"2019-08-30T22:54:00","modified_gmt":"2019-08-30T22:54:00","slug":"vorteile","status":"publish","type":"page","link":"https:\/\/epple-brennholz.de\/?page_id=25","title":{"rendered":"Vorteile"},"content":{"rendered":"\n<p><\/p>\n\n\n\n<p>Buchenbrennholz ist ein umweltfreundlicher und preiswerter Brennstoff, da es CO\u00b2 neutral verbrennt. Ein Buchenholzsto\u00df (1m breit, lang und hoch) hat den gleichen Heizwert wie 210 Liter Heiz\u00f6l, zudem ist Buchenholz     ca. 30% billiger als Heiz\u00f6l.<br><br>Weitere Vorteile:  <\/p>\n\n\n\n<ul class=\"wp-block-list\"><li>\n\tEin Kaminfeuer hat\n\teine beruhigende Wirkung und schafft eine gem\u00fctliche Atmosph\u00e4re.\n\t<\/li><li>\n\tEinfache Lagerung\n\t<\/li><li>\n\tNachwachsender\n\tRegionaler Rohstoff\n<\/li><\/ul>\n\n\n\n<p><strong>Ein trockener Raummeter Buchenholz erzeugt bei der Verbrennung genau so viel CO2, wie er zum Wachsen ben\u00f6tigt.<\/strong><\/p>\n","protected":false},"excerpt":{"rendered":"<p>Buchenbrennholz ist ein umweltfreundlicher und preiswerter Brennstoff, da es CO\u00b2 neutral verbrennt. Ein Buchenholzsto\u00df (1m breit, lang und hoch) hat den gleichen Heizwert wie 210 Liter Heiz\u00f6l, zudem ist Buchenholz ca. 30% billiger als Heiz\u00f6l. Weitere Vorteile: Ein Kaminfeuer hat eine beruhigende Wirkung und schafft eine gem\u00fctliche Atmosph\u00e4re. Einfache Lagerung Nachwachsender Regionaler Rohstoff Ein trockener &hellip; <\/p>\n<p class=\"link-more\"><a href=\"https:\/\/epple-brennholz.de\/?page_id=25\" class=\"more-link\"><span class=\"screen-reader-text\">\u201eVorteile\u201c <\/span>weiterlesen<\/a><\/p>\n","protected":false},"author":1,"featured_media":0,"parent":0,"menu_order":0,"comment_status":"closed","ping_status":"closed","template":"","meta":{"footnotes":""},"class_list":["post-25","page","type-page","status-publish","hentry"],"_links":{"self":[{"href":"https:\/\/epple-brennholz.de\/index.php?rest_route=\/wp\/v2\/pages\/25","targetHints":{"allow":["GET"]}}],"collection":[{"href":"https:\/\/epple-brennholz.de\/index.php?rest_route=\/wp\/v2\/pages"}],"about":[{"href":"https:\/\/epple-brennholz.de\/index.php?rest_route=\/wp\/v2\/types\/page"}],"author":[{"embeddable":true,"href":"https:\/\/epple-brennholz.de\/index.php?rest_route=\/wp\/v2\/users\/1"}],"replies":[{"embeddable":true,"href":"https:\/\/epple-brennholz.de\/index.php?rest_route=%2Fwp%2Fv2%2Fcomments&post=25"}],"version-history":[{"count":2,"href":"https:\/\/epple-brennholz.de\/index.php?rest_route=\/wp\/v2\/pages\/25\/revisions"}],"predecessor-version":[{"id":53,"href":"https:\/\/epple-brennholz.de\/index.php?rest_route=\/wp\/v2\/pages\/25\/revisions\/53"}],"wp:attachment":[{"href":"https:\/\/epple-brennholz.de\/index.php?rest_route=%2Fwp%2Fv2%2Fmedia&parent=25"}],"curies":[{"name":"wp","href":"https:\/\/api.w.org\/{rel}","templated":true}]}}