{"id":24,"date":"2019-08-30T22:32:26","date_gmt":"2019-08-30T22:32:26","guid":{"rendered":"http:\/\/epple-brennholz.de\/?page_id=24"},"modified":"2019-08-30T22:56:32","modified_gmt":"2019-08-30T22:56:32","slug":"masseinheit","status":"publish","type":"page","link":"https:\/\/epple-brennholz.de\/?page_id=24","title":{"rendered":"Ma\u00dfeinheit"},"content":{"rendered":"\n<h5 class=\"wp-block-heading\"><em><strong>Die\n gebr\u00e4uchlichsten Begriffe:<\/strong><\/em><\/h5>\n\n\n\n<h5 class=\"wp-block-heading\">Fm\n= Festmeter<br>Rm = Raummeter<br>Srm = Sch\u00fcttraummeter<\/h5>\n\n\n\n<h5 class=\"wp-block-heading\"><em><strong>Festmeter\n(Fm):<\/strong><\/em><\/h5>\n\n\n\n<p>Bei dem Begriff Festmeter, spricht man von einem W\u00fcrfel ( mit 1m Kantenl\u00e4nge also 1m\u00b3 ) Holz ohne  Luft Zwischenr\u00e4ume.<\/p>\n\n\n\n<p><em><strong>Raummeter(Rm):<\/strong><\/em><\/p>\n\n\n\n<p>Raummeter ist die meist ben\u00fctzte Ma\u00dfeinheit im Brennholzhandel. Ein W\u00fcrfel ( mit 1m Kantenl\u00e4nge also 1m\u00b3 ) aus gestapeltem Holz mit Luft Zwischenr\u00e4umen bezeichnet man als Raummeter.<\/p>\n\n\n\n<p>1 Festmeter entspricht ca. 1,4 Raummeter Brennholz.<\/p>\n\n\n\n<p> <em><strong>Sch\u00fcttraummeter (Srm):<\/strong><\/em><\/p>\n\n\n\n<p>Sch\u00fcttraummeter ist ebenfalls eine gebr\u00e4uchliche Ma\u00dfeinheit im Brennholzhandel. Ein W\u00fcrfel ( mit 1m Kantenl\u00e4nge also 1m\u00b3 ) gef\u00fcllt mit gesch\u00fctteten Holzscheiten bezeichnet man als Sch\u00fcttraummeter. Da hier viele Zwischenr\u00e4ume entstehen, ist die eigentliche Menge etwas geringer als beim Raummeter.<\/p>\n\n\n\n<p>1 Sch\u00fcttraummeter entspricht ca.0,7 Raummeter und ca. 0,5 Festmeter<\/p>\n\n\n\n<h5 class=\"wp-block-heading\"><em>Umrechnungstabelle:<\/em><\/h5>\n\n\n\n<h5 class=\"wp-block-heading\">1,0 \u00a0Fm \u00a0\u00a0= \u00a0ca.\u00a01,4 Rm \u00a0\u00a0= ca. 2,0 \u00a0Srm<br>0,7 \u00a0Fm \u00a0\u00a0= \u00a0ca.\u00a01,0 Rm \u00a0\u00a0= ca. 1,4 \u00a0Srm                                   <br>0,5 \u00a0Fm \u00a0\u00a0= \u00a0ca.\u00a00,7 Rm \u00a0\u00a0= ca. 1,0\u00a0 Srm<\/h5>\n","protected":false},"excerpt":{"rendered":"<p>Die gebr\u00e4uchlichsten Begriffe: Fm = FestmeterRm = RaummeterSrm = Sch\u00fcttraummeter Festmeter (Fm): Bei dem Begriff Festmeter, spricht man von einem W\u00fcrfel ( mit 1m Kantenl\u00e4nge also 1m\u00b3 ) Holz ohne Luft Zwischenr\u00e4ume. Raummeter(Rm): Raummeter ist die meist ben\u00fctzte Ma\u00dfeinheit im Brennholzhandel. Ein W\u00fcrfel ( mit 1m Kantenl\u00e4nge also 1m\u00b3 ) aus gestapeltem Holz mit Luft &hellip; <\/p>\n<p class=\"link-more\"><a href=\"https:\/\/epple-brennholz.de\/?page_id=24\" class=\"more-link\"><span class=\"screen-reader-text\">\u201eMa\u00dfeinheit\u201c <\/span>weiterlesen<\/a><\/p>\n","protected":false},"author":1,"featured_media":0,"parent":0,"menu_order":0,"comment_status":"closed","ping_status":"closed","template":"","meta":{"footnotes":""},"class_list":["post-24","page","type-page","status-publish","hentry"],"_links":{"self":[{"href":"https:\/\/epple-brennholz.de\/index.php?rest_route=\/wp\/v2\/pages\/24","targetHints":{"allow":["GET"]}}],"collection":[{"href":"https:\/\/epple-brennholz.de\/index.php?rest_route=\/wp\/v2\/pages"}],"about":[{"href":"https:\/\/epple-brennholz.de\/index.php?rest_route=\/wp\/v2\/types\/page"}],"author":[{"embeddable":true,"href":"https:\/\/epple-brennholz.de\/index.php?rest_route=\/wp\/v2\/users\/1"}],"replies":[{"embeddable":true,"href":"https:\/\/epple-brennholz.de\/index.php?rest_route=%2Fwp%2Fv2%2Fcomments&post=24"}],"version-history":[{"count":2,"href":"https:\/\/epple-brennholz.de\/index.php?rest_route=\/wp\/v2\/pages\/24\/revisions"}],"predecessor-version":[{"id":54,"href":"https:\/\/epple-brennholz.de\/index.php?rest_route=\/wp\/v2\/pages\/24\/revisions\/54"}],"wp:attachment":[{"href":"https:\/\/epple-brennholz.de\/index.php?rest_route=%2Fwp%2Fv2%2Fmedia&parent=24"}],"curies":[{"name":"wp","href":"https:\/\/api.w.org\/{rel}","templated":true}]}}