{"id":23,"date":"2019-08-30T22:32:26","date_gmt":"2019-08-30T22:32:26","guid":{"rendered":"http:\/\/epple-brennholz.de\/?page_id=23"},"modified":"2019-08-30T22:37:44","modified_gmt":"2019-08-30T22:37:44","slug":"7-tipps","status":"publish","type":"page","link":"https:\/\/epple-brennholz.de\/?page_id=23","title":{"rendered":"7 Tipps"},"content":{"rendered":"\n<p>\n<strong>7\nWichtige Regeln<\/strong><\/p>\n\n\n\n<p>\n<strong>&#8230;\nf\u00fcr das richtige heizen mit Holz:<\/strong><\/p>\n\n\n\n<ul class=\"wp-block-list\"><li>\n\tHeizen Sie\n\tausschlie\u00dflich mit unbehandeltem und luftgetrocknetem Holz.\n<\/li><\/ul>\n\n\n\n<ul class=\"wp-block-list\"><li>\n\tDie Gr\u00f6\u00dfe der\n\tHolzscheite sollte Ihrer Feuerungsanlage angepasst sein. Je kleiner \n\tdas Holz gespalten bzw. ges\u00e4gt ist, umso besser trocknet das Holz\n\taus.\n<\/li><\/ul>\n\n\n\n<ul class=\"wp-block-list\"><li>\n\tBrennholz sollte vor\n\tdem verbrennen 2 Jahre gelagert und vor Regen und Feuchtigkeit\n\tgesch\u00fctzt werden.\n<\/li><\/ul>\n\n\n\n<ul class=\"wp-block-list\"><li>\n\tBrennholz lagert am\n\tbesten unter einem Dachvorsprung entlang der Hauswand oder in gut\n\tdurchl\u00fcfteten Holzschuppen.\n<\/li><\/ul>\n\n\n\n<ul class=\"wp-block-list\"><li>\n\tLagern Sie frisch\n\tgeschlagenes Brennholz nicht im Keller. Dort kommt es zu keiner\n\tLuftzirkulation und es f\u00fchrt zu Schimmelbildung. Lagern Sie daher\n\tnur trockenes Holz in gut bel\u00fcfteten Kellerr\u00e4umen.\n<\/li><\/ul>\n\n\n\n<ul class=\"wp-block-list\"><li>\n\tBrennholz niemals in\n\tluftundurchl\u00e4ssige Plane einpacken. Holz braucht Luft zum Trocknen.\n<\/li><\/ul>\n\n\n\n<ul class=\"wp-block-list\"><li>\n\tHaben Sie Zweifel, ob\n\tIhr Brennholz die richtige Feuchtigkeit erreicht hat, lassen Sie\n\tIhren Schornsteinfeger oder Ihren Brennholzh\u00e4ndler eine\n\tFeuchtigkeitsmessung durchf\u00fchren. \n\t\n<\/li><\/ul>\n","protected":false},"excerpt":{"rendered":"<p>7 Wichtige Regeln &#8230; f\u00fcr das richtige heizen mit Holz: Heizen Sie ausschlie\u00dflich mit unbehandeltem und luftgetrocknetem Holz. Die Gr\u00f6\u00dfe der Holzscheite sollte Ihrer Feuerungsanlage angepasst sein. Je kleiner das Holz gespalten bzw. ges\u00e4gt ist, umso besser trocknet das Holz aus. Brennholz sollte vor dem verbrennen 2 Jahre gelagert und vor Regen und Feuchtigkeit gesch\u00fctzt &hellip; <\/p>\n<p class=\"link-more\"><a href=\"https:\/\/epple-brennholz.de\/?page_id=23\" class=\"more-link\"><span class=\"screen-reader-text\">\u201e7 Tipps\u201c <\/span>weiterlesen<\/a><\/p>\n","protected":false},"author":1,"featured_media":0,"parent":0,"menu_order":0,"comment_status":"closed","ping_status":"closed","template":"","meta":{"footnotes":""},"class_list":["post-23","page","type-page","status-publish","hentry"],"_links":{"self":[{"href":"https:\/\/epple-brennholz.de\/index.php?rest_route=\/wp\/v2\/pages\/23","targetHints":{"allow":["GET"]}}],"collection":[{"href":"https:\/\/epple-brennholz.de\/index.php?rest_route=\/wp\/v2\/pages"}],"about":[{"href":"https:\/\/epple-brennholz.de\/index.php?rest_route=\/wp\/v2\/types\/page"}],"author":[{"embeddable":true,"href":"https:\/\/epple-brennholz.de\/index.php?rest_route=\/wp\/v2\/users\/1"}],"replies":[{"embeddable":true,"href":"https:\/\/epple-brennholz.de\/index.php?rest_route=%2Fwp%2Fv2%2Fcomments&post=23"}],"version-history":[{"count":2,"href":"https:\/\/epple-brennholz.de\/index.php?rest_route=\/wp\/v2\/pages\/23\/revisions"}],"predecessor-version":[{"id":44,"href":"https:\/\/epple-brennholz.de\/index.php?rest_route=\/wp\/v2\/pages\/23\/revisions\/44"}],"wp:attachment":[{"href":"https:\/\/epple-brennholz.de\/index.php?rest_route=%2Fwp%2Fv2%2Fmedia&parent=23"}],"curies":[{"name":"wp","href":"https:\/\/api.w.org\/{rel}","templated":true}]}}