{"id":22,"date":"2019-08-30T22:32:25","date_gmt":"2019-08-30T22:32:25","guid":{"rendered":"http:\/\/epple-brennholz.de\/?page_id=22"},"modified":"2019-08-30T22:51:48","modified_gmt":"2019-08-30T22:51:48","slug":"brennwerte","status":"publish","type":"page","link":"https:\/\/epple-brennholz.de\/?page_id=22","title":{"rendered":"Brennwerte"},"content":{"rendered":"\n<table class=\"wp-block-table has-fixed-layout is-style-stripes\"><tbody><tr><td>Holzart<\/td><td>Heizwert pro Raummeter KW\/h<\/td><td>Heizwert pro kg KW\/h<\/td><td>Bemerkung<\/td><\/tr><tr><td>Buche<\/td><td>2100<\/td><td>4,0<\/td><td>Hoher Heizwert<\/td><\/tr><tr><td>Eiche<\/td><td>2200<\/td><td>4,2<\/td><td>Etwas h\u00f6herer Heizwert als Buche. Aufgrund wegspritzender Glutst\u00fccke nicht f\u00fcr offene Feuerstellen geeignet.<\/td><\/tr><tr><td>Fichte<\/td><td>1500<\/td><td>4,5<\/td><td>Gut geeignet als Anz\u00fcndholz.<\/td><\/tr><\/tbody><\/table>\n\n\n\n<p style=\"text-align:center\">Ein Raummeter luftgetrocknetes Buchenbrennholz (ca. 450kg) mit 2100KW\/h entspricht 210 Liter Heiz\u00f6l und 385kg Braunkohle.<\/p>\n\n\n\n<p style=\"text-align:center\">Ein\nRaummeter luftgetrocknetes Buchenbrennholz kostet ca.\n75\u20ac<\/p>\n\n\n\n<p style=\"text-align:center\">Im\nVergleich kosten<\/p>\n\n\n\n<p style=\"text-align:center\">210\nLiter Heiz\u00f6l bei einem \u00d6lpreis von 0,97\u20ac pro Liter  203,70\u20ac<\/p>\n\n\n\n<p style=\"text-align:center\">(Stand\n12.2012)<\/p>\n","protected":false},"excerpt":{"rendered":"<p>Holzart Heizwert pro Raummeter KW\/h Heizwert pro kg KW\/h Bemerkung Buche 2100 4,0 Hoher Heizwert Eiche 2200 4,2 Etwas h\u00f6herer Heizwert als Buche. Aufgrund wegspritzender Glutst\u00fccke nicht f\u00fcr offene Feuerstellen geeignet. Fichte 1500 4,5 Gut geeignet als Anz\u00fcndholz. Ein Raummeter luftgetrocknetes Buchenbrennholz (ca. 450kg) mit 2100KW\/h entspricht 210 Liter Heiz\u00f6l und 385kg Braunkohle. Ein Raummeter &hellip; <\/p>\n<p class=\"link-more\"><a href=\"https:\/\/epple-brennholz.de\/?page_id=22\" class=\"more-link\"><span class=\"screen-reader-text\">\u201eBrennwerte\u201c <\/span>weiterlesen<\/a><\/p>\n","protected":false},"author":1,"featured_media":0,"parent":0,"menu_order":0,"comment_status":"closed","ping_status":"closed","template":"","meta":{"footnotes":""},"class_list":["post-22","page","type-page","status-publish","hentry"],"_links":{"self":[{"href":"https:\/\/epple-brennholz.de\/index.php?rest_route=\/wp\/v2\/pages\/22","targetHints":{"allow":["GET"]}}],"collection":[{"href":"https:\/\/epple-brennholz.de\/index.php?rest_route=\/wp\/v2\/pages"}],"about":[{"href":"https:\/\/epple-brennholz.de\/index.php?rest_route=\/wp\/v2\/types\/page"}],"author":[{"embeddable":true,"href":"https:\/\/epple-brennholz.de\/index.php?rest_route=\/wp\/v2\/users\/1"}],"replies":[{"embeddable":true,"href":"https:\/\/epple-brennholz.de\/index.php?rest_route=%2Fwp%2Fv2%2Fcomments&post=22"}],"version-history":[{"count":7,"href":"https:\/\/epple-brennholz.de\/index.php?rest_route=\/wp\/v2\/pages\/22\/revisions"}],"predecessor-version":[{"id":51,"href":"https:\/\/epple-brennholz.de\/index.php?rest_route=\/wp\/v2\/pages\/22\/revisions\/51"}],"wp:attachment":[{"href":"https:\/\/epple-brennholz.de\/index.php?rest_route=%2Fwp%2Fv2%2Fmedia&parent=22"}],"curies":[{"name":"wp","href":"https:\/\/api.w.org\/{rel}","templated":true}]}}