{"id":17,"date":"2019-08-30T22:32:25","date_gmt":"2019-08-30T22:32:25","guid":{"rendered":"http:\/\/epple-brennholz.de\/?page_id=17"},"modified":"2019-08-30T22:36:56","modified_gmt":"2019-08-30T22:36:56","slug":"dienstleistungen","status":"publish","type":"page","link":"https:\/\/epple-brennholz.de\/?page_id=17","title":{"rendered":"Dienstleistungen"},"content":{"rendered":"\n<ul class=\"wp-block-list\"><li>Brennholz: <\/li><\/ul>\n\n\n\n<p><strong>Zwei\nJahre gelagertes Buchenbrennholz Ofenfertig<\/strong><\/p>\n\n\n\n<p>Preis auf Anfrage!<\/p>\n\n\n\n<ul class=\"wp-block-list\"><li>Lohn\n\tSpalten:\n<\/li><\/ul>\n\n\n\n<p><strong>Wir\narbeiten Ihr Polderholz auf und transportieren es f\u00fcr Sie auf Ihren\nHolzlagerplatz.<\/strong><\/p>\n\n\n\n<p>Preis\nauf Anfrage!\t<\/p>\n\n\n\n<ul class=\"wp-block-list\"><li>Lohn\n\tS\u00e4gen:\n<\/li><\/ul>\n\n\n\n<p><strong>Wir\nS\u00e4gen Ihr Brennholz auf die gew\u00fcnschte L\u00e4nge und fahren es zu\nIhnen nach Hause.<\/strong><\/p>\n\n\n\n<p>Preis\nauf Anfrage! \t<\/p>\n","protected":false},"excerpt":{"rendered":"<p>Brennholz: Zwei Jahre gelagertes Buchenbrennholz Ofenfertig Preis auf Anfrage! Lohn Spalten: Wir arbeiten Ihr Polderholz auf und transportieren es f\u00fcr Sie auf Ihren Holzlagerplatz. Preis auf Anfrage! Lohn S\u00e4gen: Wir S\u00e4gen Ihr Brennholz auf die gew\u00fcnschte L\u00e4nge und fahren es zu Ihnen nach Hause. Preis auf Anfrage!<\/p>\n","protected":false},"author":1,"featured_media":0,"parent":0,"menu_order":0,"comment_status":"closed","ping_status":"closed","template":"","meta":{"footnotes":""},"class_list":["post-17","page","type-page","status-publish","hentry"],"_links":{"self":[{"href":"https:\/\/epple-brennholz.de\/index.php?rest_route=\/wp\/v2\/pages\/17","targetHints":{"allow":["GET"]}}],"collection":[{"href":"https:\/\/epple-brennholz.de\/index.php?rest_route=\/wp\/v2\/pages"}],"about":[{"href":"https:\/\/epple-brennholz.de\/index.php?rest_route=\/wp\/v2\/types\/page"}],"author":[{"embeddable":true,"href":"https:\/\/epple-brennholz.de\/index.php?rest_route=\/wp\/v2\/users\/1"}],"replies":[{"embeddable":true,"href":"https:\/\/epple-brennholz.de\/index.php?rest_route=%2Fwp%2Fv2%2Fcomments&post=17"}],"version-history":[{"count":3,"href":"https:\/\/epple-brennholz.de\/index.php?rest_route=\/wp\/v2\/pages\/17\/revisions"}],"predecessor-version":[{"id":43,"href":"https:\/\/epple-brennholz.de\/index.php?rest_route=\/wp\/v2\/pages\/17\/revisions\/43"}],"wp:attachment":[{"href":"https:\/\/epple-brennholz.de\/index.php?rest_route=%2Fwp%2Fv2%2Fmedia&parent=17"}],"curies":[{"name":"wp","href":"https:\/\/api.w.org\/{rel}","templated":true}]}}